{"id":2,"date":"2024-08-22T17:55:46","date_gmt":"2024-08-22T17:55:46","guid":{"rendered":"http:\/\/retouralecole.eu\/?page_id=2"},"modified":"2024-08-30T13:01:38","modified_gmt":"2024-08-30T13:01:38","slug":"rentree-des-classes","status":"publish","type":"page","link":"https:\/\/retouralecole.eu\/","title":{"rendered":"R\u00eaveries de bureau &#8211; cr\u00e9er votre sanctuaire d&#8217;\u00e9tude ultime pour la rentr\u00e9e des classes"},"content":{"rendered":"\n<p>\u00c0 mesure que les teintes dor\u00e9es de l&#8217;\u00e9t\u00e9 c\u00e8dent la place aux couleurs fra\u00eeches de l&#8217;automne, l&#8217;excitation de la rentr\u00e9e des classes \u00e9lectrise l&#8217;air. Pour beaucoup, c&#8217;est un appel \u00e0 raviver les passions pour l&#8217;apprentissage et la cr\u00e9ativit\u00e9. Mais avant de plonger dans les profondeurs des manuels et de la technologie, pourquoi ne pas prendre un moment pour concevoir l&#8217;environnement d&#8217;\u00e9tude parfait ? Cette ann\u00e9e, un souffle de changement annonce une vente spectaculaire qui pourrait red\u00e9finir la forme et la fonction de votre espace de travail. Il est temps de se d\u00e9barrasser de l&#8217;ancien et de rafra\u00eechir avec une nouvelle \u00e9l\u00e9gance durable.<\/p>\n\n\n\n<figure class=\"wp-block-image size-large\"><img loading=\"lazy\" decoding=\"async\" width=\"1024\" height=\"683\" src=\"https:\/\/retouralecole.eu\/wp-content\/uploads\/2024\/08\/kyle-gregory-devaras-6RTM8EsD1T8-unsplash-1024x683.jpg\" alt=\"de bureau, rentr\u00e9e des classes\" class=\"wp-image-28\" srcset=\"https:\/\/retouralecole.eu\/wp-content\/uploads\/2024\/08\/kyle-gregory-devaras-6RTM8EsD1T8-unsplash-1024x683.jpg 1024w, https:\/\/retouralecole.eu\/wp-content\/uploads\/2024\/08\/kyle-gregory-devaras-6RTM8EsD1T8-unsplash-300x200.jpg 300w, https:\/\/retouralecole.eu\/wp-content\/uploads\/2024\/08\/kyle-gregory-devaras-6RTM8EsD1T8-unsplash-768x512.jpg 768w, https:\/\/retouralecole.eu\/wp-content\/uploads\/2024\/08\/kyle-gregory-devaras-6RTM8EsD1T8-unsplash-1536x1024.jpg 1536w, https:\/\/retouralecole.eu\/wp-content\/uploads\/2024\/08\/kyle-gregory-devaras-6RTM8EsD1T8-unsplash-2048x1365.jpg 2048w\" sizes=\"(max-width: 1024px) 100vw, 1024px\" \/><\/figure>\n\n\n\n<h2 class=\"wp-block-heading\"><strong>Red\u00e9finissez votre royaume avec chaque article imaginable \u2013 l&#8217;\u00e9dition de la rentr\u00e9e des classes<\/strong><\/h2>\n\n\n\n<p>Avez-vous d\u00e9j\u00e0 r\u00e9fl\u00e9chi \u00e0 la mani\u00e8re dont votre environnement peut refl\u00e9ter vos ambitions acad\u00e9miques ou exprimer votre flair cr\u00e9atif ? Alors, accrochez-vous ! Avec la grande vente de la <a href=\"https:\/\/oakywood.shop\/fr-fr\/collections\/back-to-school\"><strong>rentr\u00e9e des classes<\/strong><\/a>, chaque recoin de votre espace d&#8217;\u00e9tude ou de bureau \u00e0 domicile est pr\u00eat pour une transformation enchanteresse. Imaginez ceci : des gadgets et des gizmos \u00e9l\u00e9gants et durables avec 20% de r\u00e9duction, vous invitant \u00e0 red\u00e9finir ce que signifie \u00e9tudier avec style. Qui pourrait r\u00e9sister \u00e0 une telle invitation ?<\/p>\n\n\n\n<h2 class=\"wp-block-heading\"><strong>Une touche de vert, un zeste de style \u2013 la durabilit\u00e9 pour la rentr\u00e9e des classes<\/strong><\/h2>\n\n\n\n<p>Au c\u0153ur de votre foyer, l\u00e0 o\u00f9 les id\u00e9es fleurissent et les r\u00eaves prennent forme, pourquoi ne pas planter une graine de durabilit\u00e9 ? L&#8217;engagement d&#8217;Oakywood envers un design \u00e0 la fois \u00e9cologique et \u00e9l\u00e9gant offre bien plus qu&#8217;un simple plaisir esth\u00e9tique. Chaque pi\u00e8ce est un t\u00e9moignage de l&#8217;harmonie entre la nature et la technologie. Des supports \u00e9l\u00e9gants pour casques en bois aux organisateurs de bureau minimalistes, Oakywood transforme le quotidien en magique, une pi\u00e8ce durable \u00e0 la fois. N&#8217;est-ce pas l\u00e0 un souffle d&#8217;air frais ?<\/p>\n\n\n\n<h2 class=\"wp-block-heading\"><strong>Fonctionnalit\u00e9 rencontre fantaisie \u2013 les incontournables de la rentr\u00e9e des classes<\/strong><\/h2>\n\n\n\n<p>Pourquoi se contenter du banal quand vous pouvez avoir l&#8217;extraordinaire ? Il ne s&#8217;agit pas seulement de faire en sorte que votre bureau soit beau, il s&#8217;agit d&#8217;\u00e9lever toute votre exp\u00e9rience \u00e9ducative. Imaginez un bureau o\u00f9 chaque gadget a un but, con\u00e7u non seulement pour plaire \u00e0 l&#8217;\u0153il mais aussi pour am\u00e9liorer la fonctionnalit\u00e9. Des organiseurs de c\u00e2bles, des supports pour moniteurs et des chaises ergonomiques unissent leurs forces pour forger la puissance ultime de productivit\u00e9. Et avec tout \u00e0 port\u00e9e de main, vous deviendrez le ma\u00eetre de votre domaine d&#8217;\u00e9tude.<\/p>\n\n\n\n<h2 class=\"wp-block-heading\"><strong>Rentr\u00e9e des classes, retour au cool \u2013 la configuration ultime<\/strong><\/h2>\n\n\n\n<p>\u00c0 mesure que la saison change, notre focalisation se modifie \u00e9galement. La vente de la rentr\u00e9e des classes n&#8217;est pas juste une opportunit\u00e9 ; elle est une porte ouverte sur un monde d&#8217;innovation et d&#8217;inspiration. Avec chaque produit que vous choisissez, vous ne vous pr\u00e9parez pas seulement pour une autre ann\u00e9e scolaire ; vous pr\u00e9parez le terrain pour les succ\u00e8s futurs. N&#8217;est-il pas temps de donner \u00e0 votre espace d&#8217;apprentissage l&#8217;attention qu&#8217;il m\u00e9rite ?<\/p>\n\n\n\n<figure class=\"wp-block-image size-large\"><img loading=\"lazy\" decoding=\"async\" width=\"1024\" height=\"683\" src=\"https:\/\/retouralecole.eu\/wp-content\/uploads\/2024\/08\/annie-spratt-gn3zv-T0X1M-unsplash-1024x683.jpg\" alt=\"\" class=\"wp-image-29\" srcset=\"https:\/\/retouralecole.eu\/wp-content\/uploads\/2024\/08\/annie-spratt-gn3zv-T0X1M-unsplash-1024x683.jpg 1024w, https:\/\/retouralecole.eu\/wp-content\/uploads\/2024\/08\/annie-spratt-gn3zv-T0X1M-unsplash-300x200.jpg 300w, https:\/\/retouralecole.eu\/wp-content\/uploads\/2024\/08\/annie-spratt-gn3zv-T0X1M-unsplash-768x512.jpg 768w, https:\/\/retouralecole.eu\/wp-content\/uploads\/2024\/08\/annie-spratt-gn3zv-T0X1M-unsplash-1536x1024.jpg 1536w, https:\/\/retouralecole.eu\/wp-content\/uploads\/2024\/08\/annie-spratt-gn3zv-T0X1M-unsplash-2048x1365.jpg 2048w\" sizes=\"(max-width: 1024px) 100vw, 1024px\" \/><\/figure>\n\n\n\n<h2 class=\"wp-block-heading\"><strong>Cr\u00e9ez, personnalisez et conqu\u00e9rez \u2013 votre espace de travail pour la rentr\u00e9e des classes<\/strong><\/h2>\n\n\n\n<p>Cette rentr\u00e9e des classes, pourquoi ne pas prendre les r\u00eanes de votre voyage cr\u00e9atif ? Personnalisez votre coin avec des gadgets qui r\u00e9sonnent avec votre style unique et vos habitudes d&#8217;\u00e9tude. Que vous soyez un passionn\u00e9 de technologie d\u00e9sireux de rationaliser votre vie num\u00e9rique ou un artiste en herbe \u00e0 la recherche d&#8217;une toile sans encombrement, Oakywood dispose des outils pour transformer votre vision en r\u00e9alit\u00e9. \u00cates-vous pr\u00eat \u00e0 changer ?<\/p>\n\n\n\n<h2 class=\"wp-block-heading\"><strong>Lib\u00e9rer le potentiel, un bureau \u00e0 la fois \u2013 la motivation pour la rentr\u00e9e des classes<\/strong><\/h2>\n\n\n\n<p>Imaginez un espace tellement revigorant que chaque matin invite \u00e0 un \u00e9lan de productivit\u00e9. L\u00e0 o\u00f9 chaque outil compl\u00e8te non seulement le d\u00e9cor mais stimule votre passion pour l&#8217;apprentissage. C&#8217;est la puissance d&#8217;un espace de travail bien organis\u00e9. Avec la vente de la rentr\u00e9e des classes, vous n&#8217;achetez pas simplement des meubles ou des accessoires, vous cr\u00e9ez un environnement o\u00f9 le potentiel rencontre la performance.<\/p>\n\n\n\n<h2 class=\"wp-block-heading\">O\u00f9 votre bureau vous m\u00e8nera-t-il cette rentr\u00e9e des classes ?<\/h2>\n\n\n\n<p>\u00c0 mesure que les pages du calendrier se tournent, nous rapprochant du tumulte de la vie acad\u00e9mique, prenons un moment pour r\u00e9fl\u00e9chir. Il ne s&#8217;agit pas seulement de retourner \u00e0 l&#8217;\u00e9cole ; il s&#8217;agit de franchir le seuil vers un royaume de possibilit\u00e9s. Avec les designs visionnaires d&#8217;Oakywood \u00e0 port\u00e9e de main, qui sait o\u00f9 votre bureau nouvellement transform\u00e9 pourrait vous mener ? Alors, qu&#8217;attendez-vous ? Plongez dans un oc\u00e9an de r\u00e9ductions et laissez votre bureau naviguer vers le succ\u00e8s !<\/p>\n\n\n\n<p>Cette rentr\u00e9e des classes, ne revenons pas simplement \u2013 revenons transform\u00e9s, avec des espaces de travail aussi illimit\u00e9s que nos ambitions. Laissez Oakywood guider votre voyage de retour \u00e0 l&#8217;\u00e9cole, vers la productivit\u00e9 et au-del\u00e0 !<\/p>\n","protected":false},"excerpt":{"rendered":"<p>\u00c0 mesure que les teintes dor\u00e9es de l&#8217;\u00e9t\u00e9 c\u00e8dent la place aux couleurs fra\u00eeches de l&#8217;automne, l&#8217;excitation de la rentr\u00e9e des classes \u00e9lectrise l&#8217;air. Pour beaucoup, c&#8217;est un appel \u00e0 raviver les passions pour l&#8217;apprentissage et la cr\u00e9ativit\u00e9. Mais avant de plonger dans les profondeurs des manuels et de la technologie, pourquoi ne pas prendre [&hellip;]<\/p>\n","protected":false},"author":1,"featured_media":0,"parent":0,"menu_order":0,"comment_status":"closed","ping_status":"open","template":"","meta":{"footnotes":""},"class_list":["post-2","page","type-page","status-publish","hentry"],"yoast_head":"<!-- This site is optimized with the Yoast SEO plugin v25.6 - https:\/\/yoast.com\/wordpress\/plugins\/seo\/ -->\n<title>Cr\u00e9er votre sanctuaire d&#039;\u00e9tude ultime pour la rentr\u00e9e des classes- retouralecole.eu<\/title>\n<meta name=\"description\" content=\"Avec la grande vente de la rentr\u00e9e des classes, chaque recoin de votre espace d&#039;\u00e9tude ou de bureau \u00e0 domicile est pr\u00eat pour une transformation enchanteresse.\" \/>\n<meta name=\"robots\" content=\"index, follow, max-snippet:-1, max-image-preview:large, max-video-preview:-1\" \/>\n<link rel=\"canonical\" href=\"http:\/\/retouralecole.eu\/\" \/>\n<meta property=\"og:locale\" content=\"pl_PL\" \/>\n<meta property=\"og:type\" content=\"article\" \/>\n<meta property=\"og:title\" content=\"Cr\u00e9er votre sanctuaire d&#039;\u00e9tude ultime pour la rentr\u00e9e des classes- retouralecole.eu\" \/>\n<meta property=\"og:description\" content=\"Avec la grande vente de la rentr\u00e9e des classes, chaque recoin de votre espace d&#039;\u00e9tude ou de bureau \u00e0 domicile est pr\u00eat pour une transformation enchanteresse.\" \/>\n<meta property=\"og:url\" content=\"http:\/\/retouralecole.eu\/\" \/>\n<meta property=\"og:site_name\" content=\"retouralecole.eu\" \/>\n<meta property=\"article:modified_time\" content=\"2024-08-30T13:01:38+00:00\" \/>\n<meta property=\"og:image\" content=\"https:\/\/retouralecole.eu\/wp-content\/uploads\/2024\/08\/kyle-gregory-devaras-6RTM8EsD1T8-unsplash-1024x683.jpg\" \/>\n<meta name=\"twitter:card\" content=\"summary_large_image\" \/>\n<meta name=\"twitter:label1\" content=\"Szacowany czas czytania\" \/>\n\t<meta name=\"twitter:data1\" content=\"5 minut\" \/>\n<script type=\"application\/ld+json\" class=\"yoast-schema-graph\">{\"@context\":\"https:\/\/schema.org\",\"@graph\":[{\"@type\":\"WebPage\",\"@id\":\"http:\/\/retouralecole.eu\/\",\"url\":\"http:\/\/retouralecole.eu\/\",\"name\":\"Cr\u00e9er votre sanctuaire d'\u00e9tude ultime pour la rentr\u00e9e des classes- retouralecole.eu\",\"isPartOf\":{\"@id\":\"http:\/\/retouralecole.eu\/#website\"},\"primaryImageOfPage\":{\"@id\":\"http:\/\/retouralecole.eu\/#primaryimage\"},\"image\":{\"@id\":\"http:\/\/retouralecole.eu\/#primaryimage\"},\"thumbnailUrl\":\"https:\/\/retouralecole.eu\/wp-content\/uploads\/2024\/08\/kyle-gregory-devaras-6RTM8EsD1T8-unsplash-1024x683.jpg\",\"datePublished\":\"2024-08-22T17:55:46+00:00\",\"dateModified\":\"2024-08-30T13:01:38+00:00\",\"description\":\"Avec la grande vente de la rentr\u00e9e des classes, chaque recoin de votre espace d'\u00e9tude ou de bureau \u00e0 domicile est pr\u00eat pour une transformation enchanteresse.\",\"breadcrumb\":{\"@id\":\"http:\/\/retouralecole.eu\/#breadcrumb\"},\"inLanguage\":\"pl-PL\",\"potentialAction\":[{\"@type\":\"ReadAction\",\"target\":[\"http:\/\/retouralecole.eu\/\"]}]},{\"@type\":\"ImageObject\",\"inLanguage\":\"pl-PL\",\"@id\":\"http:\/\/retouralecole.eu\/#primaryimage\",\"url\":\"https:\/\/retouralecole.eu\/wp-content\/uploads\/2024\/08\/kyle-gregory-devaras-6RTM8EsD1T8-unsplash-scaled.jpg\",\"contentUrl\":\"https:\/\/retouralecole.eu\/wp-content\/uploads\/2024\/08\/kyle-gregory-devaras-6RTM8EsD1T8-unsplash-scaled.jpg\",\"width\":2560,\"height\":1707},{\"@type\":\"BreadcrumbList\",\"@id\":\"http:\/\/retouralecole.eu\/#breadcrumb\",\"itemListElement\":[{\"@type\":\"ListItem\",\"position\":1,\"name\":\"Strona g\u0142\u00f3wna\",\"item\":\"http:\/\/retouralecole.eu\/\"},{\"@type\":\"ListItem\",\"position\":2,\"name\":\"R\u00eaveries de bureau &#8211; cr\u00e9er votre sanctuaire d&#8217;\u00e9tude ultime pour la rentr\u00e9e des classes\"}]},{\"@type\":\"WebSite\",\"@id\":\"http:\/\/retouralecole.eu\/#website\",\"url\":\"http:\/\/retouralecole.eu\/\",\"name\":\"retouralecole.eu\",\"description\":\"R&ecirc;veries de bureau - cr&eacute;er votre sanctuaire d'&eacute;tude ultime pour la rentr&eacute;e des classes\",\"potentialAction\":[{\"@type\":\"SearchAction\",\"target\":{\"@type\":\"EntryPoint\",\"urlTemplate\":\"http:\/\/retouralecole.eu\/?s={search_term_string}\"},\"query-input\":{\"@type\":\"PropertyValueSpecification\",\"valueRequired\":true,\"valueName\":\"search_term_string\"}}],\"inLanguage\":\"pl-PL\"}]}<\/script>\n<!-- \/ Yoast SEO plugin. -->","yoast_head_json":{"title":"Cr\u00e9er votre sanctuaire d'\u00e9tude ultime pour la rentr\u00e9e des classes- retouralecole.eu","description":"Avec la grande vente de la rentr\u00e9e des classes, chaque recoin de votre espace d'\u00e9tude ou de bureau \u00e0 domicile est pr\u00eat pour une transformation enchanteresse.","robots":{"index":"index","follow":"follow","max-snippet":"max-snippet:-1","max-image-preview":"max-image-preview:large","max-video-preview":"max-video-preview:-1"},"canonical":"http:\/\/retouralecole.eu\/","og_locale":"pl_PL","og_type":"article","og_title":"Cr\u00e9er votre sanctuaire d'\u00e9tude ultime pour la rentr\u00e9e des classes- retouralecole.eu","og_description":"Avec la grande vente de la rentr\u00e9e des classes, chaque recoin de votre espace d'\u00e9tude ou de bureau \u00e0 domicile est pr\u00eat pour une transformation enchanteresse.","og_url":"http:\/\/retouralecole.eu\/","og_site_name":"retouralecole.eu","article_modified_time":"2024-08-30T13:01:38+00:00","og_image":[{"url":"https:\/\/retouralecole.eu\/wp-content\/uploads\/2024\/08\/kyle-gregory-devaras-6RTM8EsD1T8-unsplash-1024x683.jpg","type":"","width":"","height":""}],"twitter_card":"summary_large_image","twitter_misc":{"Szacowany czas czytania":"5 minut"},"schema":{"@context":"https:\/\/schema.org","@graph":[{"@type":"WebPage","@id":"http:\/\/retouralecole.eu\/","url":"http:\/\/retouralecole.eu\/","name":"Cr\u00e9er votre sanctuaire d'\u00e9tude ultime pour la rentr\u00e9e des classes- retouralecole.eu","isPartOf":{"@id":"http:\/\/retouralecole.eu\/#website"},"primaryImageOfPage":{"@id":"http:\/\/retouralecole.eu\/#primaryimage"},"image":{"@id":"http:\/\/retouralecole.eu\/#primaryimage"},"thumbnailUrl":"https:\/\/retouralecole.eu\/wp-content\/uploads\/2024\/08\/kyle-gregory-devaras-6RTM8EsD1T8-unsplash-1024x683.jpg","datePublished":"2024-08-22T17:55:46+00:00","dateModified":"2024-08-30T13:01:38+00:00","description":"Avec la grande vente de la rentr\u00e9e des classes, chaque recoin de votre espace d'\u00e9tude ou de bureau \u00e0 domicile est pr\u00eat pour une transformation enchanteresse.","breadcrumb":{"@id":"http:\/\/retouralecole.eu\/#breadcrumb"},"inLanguage":"pl-PL","potentialAction":[{"@type":"ReadAction","target":["http:\/\/retouralecole.eu\/"]}]},{"@type":"ImageObject","inLanguage":"pl-PL","@id":"http:\/\/retouralecole.eu\/#primaryimage","url":"https:\/\/retouralecole.eu\/wp-content\/uploads\/2024\/08\/kyle-gregory-devaras-6RTM8EsD1T8-unsplash-scaled.jpg","contentUrl":"https:\/\/retouralecole.eu\/wp-content\/uploads\/2024\/08\/kyle-gregory-devaras-6RTM8EsD1T8-unsplash-scaled.jpg","width":2560,"height":1707},{"@type":"BreadcrumbList","@id":"http:\/\/retouralecole.eu\/#breadcrumb","itemListElement":[{"@type":"ListItem","position":1,"name":"Strona g\u0142\u00f3wna","item":"http:\/\/retouralecole.eu\/"},{"@type":"ListItem","position":2,"name":"R\u00eaveries de bureau &#8211; cr\u00e9er votre sanctuaire d&#8217;\u00e9tude ultime pour la rentr\u00e9e des classes"}]},{"@type":"WebSite","@id":"http:\/\/retouralecole.eu\/#website","url":"http:\/\/retouralecole.eu\/","name":"retouralecole.eu","description":"R&ecirc;veries de bureau - cr&eacute;er votre sanctuaire d'&eacute;tude ultime pour la rentr&eacute;e des classes","potentialAction":[{"@type":"SearchAction","target":{"@type":"EntryPoint","urlTemplate":"http:\/\/retouralecole.eu\/?s={search_term_string}"},"query-input":{"@type":"PropertyValueSpecification","valueRequired":true,"valueName":"search_term_string"}}],"inLanguage":"pl-PL"}]}},"_links":{"self":[{"href":"https:\/\/retouralecole.eu\/index.php\/wp-json\/wp\/v2\/pages\/2"}],"collection":[{"href":"https:\/\/retouralecole.eu\/index.php\/wp-json\/wp\/v2\/pages"}],"about":[{"href":"https:\/\/retouralecole.eu\/index.php\/wp-json\/wp\/v2\/types\/page"}],"author":[{"embeddable":true,"href":"https:\/\/retouralecole.eu\/index.php\/wp-json\/wp\/v2\/users\/1"}],"replies":[{"embeddable":true,"href":"https:\/\/retouralecole.eu\/index.php\/wp-json\/wp\/v2\/comments?post=2"}],"version-history":[{"count":1,"href":"https:\/\/retouralecole.eu\/index.php\/wp-json\/wp\/v2\/pages\/2\/revisions"}],"predecessor-version":[{"id":30,"href":"https:\/\/retouralecole.eu\/index.php\/wp-json\/wp\/v2\/pages\/2\/revisions\/30"}],"wp:attachment":[{"href":"https:\/\/retouralecole.eu\/index.php\/wp-json\/wp\/v2\/media?parent=2"}],"curies":[{"name":"wp","href":"https:\/\/api.w.org\/{rel}","templated":true}]}}